{"id":28664,"date":"2024-07-13T12:33:28","date_gmt":"2024-07-13T12:33:28","guid":{"rendered":"https:\/\/p-pgroup.com\/shop\/sin%20categor\u00eda\/descarga-carta-de-presentacion-dipl-radiologiefachperson-de\/"},"modified":"2024-08-10T12:05:50","modified_gmt":"2024-08-10T12:05:50","slug":"cv-dipl-radiologiefachperson","status":"publish","type":"product","link":"https:\/\/p-pgroup.com\/es\/shop\/cartas-empleo\/asistencia-medica\/cv-dipl-radiologiefachperson\/","title":{"rendered":"Descarga Carta de Presentaci\u00f3n &#8211; Dipl. Radiologiefachperson &#8211; de"},"content":{"rendered":"\t\t<div data-elementor-type=\"wp-post\" data-elementor-id=\"28664\" class=\"elementor elementor-28664 elementor-28234\">\n\t\t\t\t<div class=\"wd-negative-gap elementor-element elementor-element-65b61fd7 e-flex e-con-boxed e-con e-parent\" data-id=\"65b61fd7\" data-element_type=\"container\" data-e-type=\"container\">\n\t\t\t\t\t<div class=\"e-con-inner\">\n\t\t\t\t<div class=\"elementor-element elementor-element-50b58091 color-scheme-inherit text-left elementor-widget elementor-widget-text-editor\" data-id=\"50b58091\" data-element_type=\"widget\" data-e-type=\"widget\" data-widget_type=\"text-editor.default\">\n\t\t\t\t<div class=\"elementor-widget-container\">\n\t\t\t\t\t\t\t\t\t<p><strong>Plantilla Personalizable:<\/strong><\/p>\n<ul>\n<li>Carta dise\u00f1ada profesionalmente en alem\u00e1n que impulsar\u00e1 sus perspectivas profesionales.<\/li>\n<li>F\u00e1cilmente personalizable, esta carta de motivaci\u00f3n se ajusta a los requisitos espec\u00edficos de su perfil laboral, experiencia y puesto de trabajo.<\/li>\n<li>Contenido persuasivo: Las secciones preescritas proporcionan una base s\u00f3lida, mientras que las \u00e1reas personalizables permiten destacar sus cualidades individuales.<\/li>\n<li>Optimizaci\u00f3n de palabras clave: Las palabras clave estrat\u00e9gicamente posicionadas aumentan la visibilidad de su curr\u00edculum ante los empleadores.<\/li>\n<\/ul>\n\t\t\t\t\t\t\t\t<\/div>\n\t\t\t\t<\/div>\n\t\t\t\t\t<\/div>\n\t\t\t\t<\/div>\n\t\t\t\t<\/div>\n\t\t","protected":false},"excerpt":{"rendered":"<p>Ventajas de descargar nuestra carta de presentaci\u00f3n de especialista en radiolog\u00eda en alem\u00e1n que puede impulsar su carrera profesional<\/p>\n<p>Una carta de presentaci\u00f3n persuasiva es una parte esencial de una solicitud exitosa para un puesto de Especialista en Radiolog\u00eda. Nuestra carta de presentaci\u00f3n en alem\u00e1n, redactada por profesionales, est\u00e1 dise\u00f1ada para resaltar sus habilidades y experiencia y ayudarle a destacar entre la multitud.<\/p>\n<p>Nuestra descarga sirve como punto de partida para su carta de solicitud individual. Puede adaptar los m\u00f3dulos de texto a su situaci\u00f3n personal, destacar la experiencia relevante y describir detalladamente sus cualificaciones. El resultado es una carta \u00fanica que refleja con autenticidad su personalidad y experiencia profesional.<\/p>\n<p>Esta carta de presentaci\u00f3n est\u00e1 en formato RTF, totalmente adecuado, gratuito y f\u00e1cil de editar, as\u00ed como de convertir a muchos formatos diferentes, Microsoft Word, PDF, PP, E-Mail y mucho m\u00e1s.<\/p>\n","protected":false},"featured_media":28239,"template":"","meta":[],"product_brand":[],"product_cat":[544,531],"product_tag":[556,559,539,553],"class_list":{"0":"post-28664","1":"product","2":"type-product","3":"status-publish","4":"has-post-thumbnail","6":"product_cat-asistencia-medica","7":"product_cat-cartas-empleo","8":"product_tag-w-alemania","9":"product_tag-t-austria","10":"product_tag-cv-aleman","11":"product_tag-w-suiza","13":"first","14":"instock","15":"downloadable","16":"virtual","17":"purchasable","18":"product-type-simple"},"_links":{"self":[{"href":"https:\/\/p-pgroup.com\/es\/wp-json\/wp\/v2\/product\/28664","targetHints":{"allow":["GET"]}}],"collection":[{"href":"https:\/\/p-pgroup.com\/es\/wp-json\/wp\/v2\/product"}],"about":[{"href":"https:\/\/p-pgroup.com\/es\/wp-json\/wp\/v2\/types\/product"}],"version-history":[{"count":4,"href":"https:\/\/p-pgroup.com\/es\/wp-json\/wp\/v2\/product\/28664\/revisions"}],"predecessor-version":[{"id":28668,"href":"https:\/\/p-pgroup.com\/es\/wp-json\/wp\/v2\/product\/28664\/revisions\/28668"}],"wp:featuredmedia":[{"embeddable":true,"href":"https:\/\/p-pgroup.com\/es\/wp-json\/wp\/v2\/media\/28239"}],"wp:attachment":[{"href":"https:\/\/p-pgroup.com\/es\/wp-json\/wp\/v2\/media?parent=28664"}],"wp:term":[{"taxonomy":"product_brand","embeddable":true,"href":"https:\/\/p-pgroup.com\/es\/wp-json\/wp\/v2\/product_brand?post=28664"},{"taxonomy":"product_cat","embeddable":true,"href":"https:\/\/p-pgroup.com\/es\/wp-json\/wp\/v2\/product_cat?post=28664"},{"taxonomy":"product_tag","embeddable":true,"href":"https:\/\/p-pgroup.com\/es\/wp-json\/wp\/v2\/product_tag?post=28664"}],"curies":[{"name":"wp","href":"https:\/\/api.w.org\/{rel}","templated":true}]}}