{"id":28050,"date":"2024-06-02T17:43:59","date_gmt":"2024-06-02T17:43:59","guid":{"rendered":"https:\/\/p-pgroup.com\/shop\/sin%20categor\u00eda\/descarga-carta-de-vacante-rehabilitation-technician-en\/"},"modified":"2024-06-06T07:57:22","modified_gmt":"2024-06-06T07:57:22","slug":"cv-rehabilitation-technician","status":"publish","type":"product","link":"https:\/\/p-pgroup.com\/es\/shop\/cartas-empleo\/asistencia-medica\/cv-rehabilitation-technician\/","title":{"rendered":"Descarga Carta para Vacante &#8211; Rehabilitation Technician &#8211; en"},"content":{"rendered":"\t\t<div data-elementor-type=\"wp-post\" data-elementor-id=\"28050\" class=\"elementor elementor-28050 elementor-27964\">\n\t\t\t\t<div class=\"wd-negative-gap elementor-element elementor-element-65b61fd7 e-flex e-con-boxed e-con e-parent\" data-id=\"65b61fd7\" data-element_type=\"container\" data-e-type=\"container\">\n\t\t\t\t\t<div class=\"e-con-inner\">\n\t\t\t\t<div class=\"elementor-element elementor-element-50b58091 color-scheme-inherit text-left elementor-widget elementor-widget-text-editor\" data-id=\"50b58091\" data-element_type=\"widget\" data-e-type=\"widget\" data-widget_type=\"text-editor.default\">\n\t\t\t\t<div class=\"elementor-widget-container\">\n\t\t\t\t\t\t\t\t\t<p><strong>Plantilla Personalizable:<\/strong><\/p>\n<ul>\n<li>Personalice f\u00e1cilmente la carta de presentaci\u00f3n en funci\u00f3n de su experiencia, sus competencias y el puesto al que aspira.<\/li>\n<li>Formato profesional: Se adhiere a los est\u00e1ndares de la industria, garantizando una presentaci\u00f3n limpia y organizada.<\/li>\n<li>Contenido persuasivo: Las secciones preescritas proporcionan una base s\u00f3lida, mientras que las \u00e1reas personalizables te permiten destacar tus atributos \u00fanicos.<\/li>\n<li>Optimizaci\u00f3n de palabras clave: Las palabras clave colocadas estrat\u00e9gicamente aumentan la visibilidad de su curr\u00edculum para los posibles reclutadores.<\/li>\n<\/ul>\n\t\t\t\t\t\t\t\t<\/div>\n\t\t\t\t<\/div>\n\t\t\t\t\t<\/div>\n\t\t\t\t<\/div>\n\t\t\t\t<\/div>\n\t\t","protected":false},"excerpt":{"rendered":"<p>Evite redactar una carta de presentaci\u00f3n desde cero, lo que le costar\u00eda tiempo y esfuerzo. Al utilizar una plantilla de carta de presentaci\u00f3n de asistente m\u00e9dico profesional, tendr\u00e1 una ventaja en el proceso de redacci\u00f3n y podr\u00e1 centrar su energ\u00eda en personalizar la plantilla para que se ajuste a sus cualificaciones y experiencias \u00fanicas.<\/p>\n<p>Descargar esta plantilla de carta de presentaci\u00f3n profesional puede tener un impacto significativo en tu carrera. As\u00ed podr\u00e1s destacar entre la multitud y aumentar tus posibilidades de conseguir el trabajo de tus sue\u00f1os. \u00bfA qu\u00e9 esperas? Desc\u00e1rgatela hoy mismo y da el primer paso para avanzar en tu carrera profesional.<\/p>\n<p>Esta carta de presentaci\u00f3n se compone de formato RTF, totalmente adecuado, libre y f\u00e1cil de editar, as\u00ed como convertirlo a muchos formatos diferentes, Microsoft Word, PDF, PP, E-Mail y mucho m\u00e1s.<\/p>\n","protected":false},"featured_media":27967,"template":"","meta":[],"product_brand":[],"product_cat":[544,531],"product_tag":[537,535],"class_list":{"0":"post-28050","1":"product","2":"type-product","3":"status-publish","4":"has-post-thumbnail","6":"product_cat-asistencia-medica","7":"product_cat-cartas-empleo","8":"product_tag-cv-ingles","9":"product_tag-internacional","11":"first","12":"instock","13":"downloadable","14":"virtual","15":"purchasable","16":"product-type-simple"},"_links":{"self":[{"href":"https:\/\/p-pgroup.com\/es\/wp-json\/wp\/v2\/product\/28050","targetHints":{"allow":["GET"]}}],"collection":[{"href":"https:\/\/p-pgroup.com\/es\/wp-json\/wp\/v2\/product"}],"about":[{"href":"https:\/\/p-pgroup.com\/es\/wp-json\/wp\/v2\/types\/product"}],"version-history":[{"count":7,"href":"https:\/\/p-pgroup.com\/es\/wp-json\/wp\/v2\/product\/28050\/revisions"}],"predecessor-version":[{"id":28057,"href":"https:\/\/p-pgroup.com\/es\/wp-json\/wp\/v2\/product\/28050\/revisions\/28057"}],"wp:featuredmedia":[{"embeddable":true,"href":"https:\/\/p-pgroup.com\/es\/wp-json\/wp\/v2\/media\/27967"}],"wp:attachment":[{"href":"https:\/\/p-pgroup.com\/es\/wp-json\/wp\/v2\/media?parent=28050"}],"wp:term":[{"taxonomy":"product_brand","embeddable":true,"href":"https:\/\/p-pgroup.com\/es\/wp-json\/wp\/v2\/product_brand?post=28050"},{"taxonomy":"product_cat","embeddable":true,"href":"https:\/\/p-pgroup.com\/es\/wp-json\/wp\/v2\/product_cat?post=28050"},{"taxonomy":"product_tag","embeddable":true,"href":"https:\/\/p-pgroup.com\/es\/wp-json\/wp\/v2\/product_tag?post=28050"}],"curies":[{"name":"wp","href":"https:\/\/api.w.org\/{rel}","templated":true}]}}