{"id":27872,"date":"2024-05-29T08:14:03","date_gmt":"2024-05-29T08:14:03","guid":{"rendered":"https:\/\/p-pgroup.com\/shop\/sin%20categor\u00eda\/download-cover-letter-senior-ip-solution-architect-en\/"},"modified":"2024-05-29T08:36:05","modified_gmt":"2024-05-29T08:36:05","slug":"cv-senior-ip-solution-architect","status":"publish","type":"product","link":"https:\/\/p-pgroup.com\/es\/shop\/cartas-empleo\/cv-senior-ip-solution-architect\/","title":{"rendered":"Descargar carta de presentaci\u00f3n &#8211; Senior IP Solution Architect &#8211; en"},"content":{"rendered":"\t\t<div data-elementor-type=\"wp-post\" data-elementor-id=\"27872\" class=\"elementor elementor-27872 elementor-27862\">\n\t\t\t\t<div class=\"wd-negative-gap elementor-element elementor-element-65b61fd7 e-flex e-con-boxed e-con e-parent\" data-id=\"65b61fd7\" data-element_type=\"container\" data-e-type=\"container\">\n\t\t\t\t\t<div class=\"e-con-inner\">\n\t\t\t\t<div class=\"elementor-element elementor-element-50b58091 color-scheme-inherit text-left elementor-widget elementor-widget-text-editor\" data-id=\"50b58091\" data-element_type=\"widget\" data-e-type=\"widget\" data-widget_type=\"text-editor.default\">\n\t\t\t\t<div class=\"elementor-widget-container\">\n\t\t\t\t\t\t\t\t\t<p><strong>Plantilla personalizable:<\/strong><\/p>\n<ul>\n<li>Adapte f\u00e1cilmente la carta de presentaci\u00f3n a su experiencia y competencias espec\u00edficas, y al puesto al que aspira.<\/li>\n<li>Formato profesional: Se ajusta a los est\u00e1ndares de la industria, garantizando una presentaci\u00f3n limpia y organizada.<\/li>\n<li>Contenido persuasivo: Las secciones preescritas proporcionan unaz base s\u00f3lida, mientras que las \u00e1reas personalizables permiten destacar cualidades destacadas.<\/li>\n<li>Optimizaci\u00f3n de palabras clave: Las palabras clave colocadas estrat\u00e9gicamente aumentan la visibilidad de su curr\u00edculum para los posibles reclutadores.<\/li>\n<\/ul>\n\t\t\t\t\t\t\t\t<\/div>\n\t\t\t\t<\/div>\n\t\t\t\t\t<\/div>\n\t\t\t\t<\/div>\n\t\t\t\t<\/div>\n\t\t","protected":false},"excerpt":{"rendered":"<p>Una carta de presentaci\u00f3n correctamente redactada le sirve de presentaci\u00f3n a los responsables de contrataci\u00f3n y le brinda la oportunidad de mostrar sus excepcionales cualificaciones y su propuesta de valor.<\/p>\n<p>Descargando esta plantilla de carta de presentaci\u00f3n profesional adaptada espec\u00edficamente a su puesto, podr\u00e1 aprovechar la experiencia de los profesionales del sector para crear un documento que destaque eficazmente sus puntos fuertes, demuestre su pasi\u00f3n por el sector y se ajuste a los requisitos espec\u00edficos del puesto.<\/p>\n<p>Esta herramienta agilizar\u00e1 el proceso de redacci\u00f3n de la carta de presentaci\u00f3n, permiti\u00e9ndole centrarse en personalizar el contenido para mostrar sus habilidades y experiencias laborables.<\/p>\n","protected":false},"featured_media":27865,"template":"","meta":[],"product_brand":[],"product_cat":[531,533],"product_tag":[537,535],"class_list":{"0":"post-27872","1":"product","2":"type-product","3":"status-publish","4":"has-post-thumbnail","6":"product_cat-cartas-empleo","7":"product_cat-informatica","8":"product_tag-cv-ingles","9":"product_tag-internacional","11":"first","12":"instock","13":"featured","14":"downloadable","15":"virtual","16":"purchasable","17":"product-type-simple"},"_links":{"self":[{"href":"https:\/\/p-pgroup.com\/es\/wp-json\/wp\/v2\/product\/27872","targetHints":{"allow":["GET"]}}],"collection":[{"href":"https:\/\/p-pgroup.com\/es\/wp-json\/wp\/v2\/product"}],"about":[{"href":"https:\/\/p-pgroup.com\/es\/wp-json\/wp\/v2\/types\/product"}],"version-history":[{"count":6,"href":"https:\/\/p-pgroup.com\/es\/wp-json\/wp\/v2\/product\/27872\/revisions"}],"predecessor-version":[{"id":27878,"href":"https:\/\/p-pgroup.com\/es\/wp-json\/wp\/v2\/product\/27872\/revisions\/27878"}],"wp:featuredmedia":[{"embeddable":true,"href":"https:\/\/p-pgroup.com\/es\/wp-json\/wp\/v2\/media\/27865"}],"wp:attachment":[{"href":"https:\/\/p-pgroup.com\/es\/wp-json\/wp\/v2\/media?parent=27872"}],"wp:term":[{"taxonomy":"product_brand","embeddable":true,"href":"https:\/\/p-pgroup.com\/es\/wp-json\/wp\/v2\/product_brand?post=27872"},{"taxonomy":"product_cat","embeddable":true,"href":"https:\/\/p-pgroup.com\/es\/wp-json\/wp\/v2\/product_cat?post=27872"},{"taxonomy":"product_tag","embeddable":true,"href":"https:\/\/p-pgroup.com\/es\/wp-json\/wp\/v2\/product_tag?post=27872"}],"curies":[{"name":"wp","href":"https:\/\/api.w.org\/{rel}","templated":true}]}}