{"id":27850,"date":"2024-03-28T20:58:35","date_gmt":"2024-03-28T20:58:35","guid":{"rendered":"https:\/\/p-pgroup.com\/shop\/sin%20categor\u00eda\/bewerbungsschreiben-herunterladen-senior-data-analyst-en\/"},"modified":"2024-05-28T22:42:43","modified_gmt":"2024-05-28T22:42:43","slug":"cv-senior-data-analyst","status":"publish","type":"product","link":"https:\/\/p-pgroup.com\/es\/shop\/cartas-empleo\/informatica\/cv-senior-data-analyst\/","title":{"rendered":"Descargar carta de solicitud de empleo &#8211; Senior Data Analyst &#8211; en"},"content":{"rendered":"\t\t<div data-elementor-type=\"wp-post\" data-elementor-id=\"27850\" class=\"elementor elementor-27850 elementor-27803\">\n\t\t\t\t<div class=\"wd-negative-gap elementor-element elementor-element-65b61fd7 e-flex e-con-boxed e-con e-parent\" data-id=\"65b61fd7\" data-element_type=\"container\" data-e-type=\"container\">\n\t\t\t\t\t<div class=\"e-con-inner\">\n\t\t\t\t<div class=\"elementor-element elementor-element-50b58091 color-scheme-inherit text-left elementor-widget elementor-widget-text-editor\" data-id=\"50b58091\" data-element_type=\"widget\" data-e-type=\"widget\" data-widget_type=\"text-editor.default\">\n\t\t\t\t<div class=\"elementor-widget-container\">\n\t\t\t\t\t\t\t\t\t<strong>Plantilla Personalizable:<\/strong>\r\n<ul>\r\n \t<li>La carta de presentaci\u00f3n puede personalizarse f\u00e1cilmente en funci\u00f3n de su experiencia, sus competencias y el puesto deseado.<\/li>\r\n \t<li>Formato profesional: cumple las normas del sector y garantiza una presentaci\u00f3n precisa y clara.<\/li>\r\n \t<li>Contenido persuasivo: las secciones de texto preescritas proporcionan una base s\u00f3lida, mientras que las secciones personalizables te permiten destacar tus cualidades \u00fanicas.<\/li>\r\n \t<li>Optimizaci\u00f3n de palabras clave: las palabras clave colocadas estrat\u00e9gicamente aumentan la visibilidad de su CV para los posibles empleadores.<\/li>\r\n<\/ul>\t\t\t\t\t\t\t\t<\/div>\n\t\t\t\t<\/div>\n\t\t\t\t\t<\/div>\n\t\t\t\t<\/div>\n\t\t\t\t<\/div>\n\t\t","protected":false},"excerpt":{"rendered":"<p>Una carta de presentaci\u00f3n redactada con profesionalidad para un Analista de Datos Superior ha de poner de manifiesto su capacidad para interpretar datos y presentar sus experiencias eficazmente. Asimismo, resalta los conocimientos que dominas en el uso de herramientas y t\u00e9cnicas anal\u00edticas.<\/p>\n<p>Utiliza esta plantilla para estructurar tu carta de presentaci\u00f3n y garantizar que contiene todos los elementos necesarios, como una introducci\u00f3n convincente, una descripci\u00f3n detallada de las habilidades\/experiencia con un cierre contundente.<\/p>\n","protected":false},"featured_media":27835,"template":"","meta":[],"product_brand":[],"product_cat":[531,533],"product_tag":[537,535],"class_list":{"0":"post-27850","1":"product","2":"type-product","3":"status-publish","4":"has-post-thumbnail","6":"product_cat-cartas-empleo","7":"product_cat-informatica","8":"product_tag-cv-ingles","9":"product_tag-internacional","11":"first","12":"instock","13":"sale","14":"downloadable","15":"virtual","16":"purchasable","17":"product-type-simple"},"_links":{"self":[{"href":"https:\/\/p-pgroup.com\/es\/wp-json\/wp\/v2\/product\/27850","targetHints":{"allow":["GET"]}}],"collection":[{"href":"https:\/\/p-pgroup.com\/es\/wp-json\/wp\/v2\/product"}],"about":[{"href":"https:\/\/p-pgroup.com\/es\/wp-json\/wp\/v2\/types\/product"}],"version-history":[{"count":7,"href":"https:\/\/p-pgroup.com\/es\/wp-json\/wp\/v2\/product\/27850\/revisions"}],"predecessor-version":[{"id":27857,"href":"https:\/\/p-pgroup.com\/es\/wp-json\/wp\/v2\/product\/27850\/revisions\/27857"}],"wp:featuredmedia":[{"embeddable":true,"href":"https:\/\/p-pgroup.com\/es\/wp-json\/wp\/v2\/media\/27835"}],"wp:attachment":[{"href":"https:\/\/p-pgroup.com\/es\/wp-json\/wp\/v2\/media?parent=27850"}],"wp:term":[{"taxonomy":"product_brand","embeddable":true,"href":"https:\/\/p-pgroup.com\/es\/wp-json\/wp\/v2\/product_brand?post=27850"},{"taxonomy":"product_cat","embeddable":true,"href":"https:\/\/p-pgroup.com\/es\/wp-json\/wp\/v2\/product_cat?post=27850"},{"taxonomy":"product_tag","embeddable":true,"href":"https:\/\/p-pgroup.com\/es\/wp-json\/wp\/v2\/product_tag?post=27850"}],"curies":[{"name":"wp","href":"https:\/\/api.w.org\/{rel}","templated":true}]}}