{"id":3755,"date":"2021-02-22T09:31:30","date_gmt":"2021-02-22T09:31:30","guid":{"rendered":"https:\/\/p-pgroup.com\/impreso\/"},"modified":"2021-02-22T10:14:06","modified_gmt":"2021-02-22T10:14:06","slug":"impreso","status":"publish","type":"page","link":"https:\/\/p-pgroup.com\/es\/impreso\/","title":{"rendered":"Impreso"},"content":{"rendered":"<p>[vc_row css=&#8221;.vc_custom_1596057289356{margin-right: 40px !important;margin-left: 40px !important;}&#8221;][vc_column][wgl_custom_text font_size=&#8221;18&#8243;]<strong>Registro comercial<\/strong><br \/>\nDenominaci\u00f3n social: P&amp;P group GmbH \/ P&amp;P group S.\u00e0.r.L \/ P&amp;P group Ltd. Liab. \/ P&amp;P group S.L.<br \/>\nN\u00famero: CHE-386.377.931<br \/>\nRegistro mercantil: Z\u00farich<\/p>\n<p>&nbsp;<\/p>\n<p><strong>Responsabilidad de los enlaces<\/strong><br \/>\nLas referencias y enlaces a sitios web de terceros est\u00e1n fuera de nuestra responsabilidad. Se rechaza cualquier responsabilidad por dichos sitios web. El acceso y el uso de dichos sitios web se realiza por cuenta y riesgo del usuario.<\/p>\n<p>Derechos de autor<br \/>\nLos derechos de autor y todos los dem\u00e1s derechos sobre el contenido, las im\u00e1genes, las fotos u otros archivos del sitio web pertenecen exclusivamente a la empresa P&amp;P group GmbH o a los titulares de los derechos espec\u00edficamente mencionados. La reproducci\u00f3n de cualquier elemento requiere el consentimiento previo por escrito de los propietarios de los derechos de autor.<\/p>\n<p><strong>Protecci\u00f3n de datos<\/strong><br \/>\nSeg\u00fan el art\u00edculo 13 de la Constituci\u00f3n Federal Suiza y la Ley Federal de Protecci\u00f3n de Datos (DSG), toda persona tiene derecho a la protecci\u00f3n de su intimidad, as\u00ed como a la protecci\u00f3n contra el uso indebido de sus datos personales. Nosotros cumplimos estas disposiciones. Los datos personales ser\u00e1n estrictamente confidenciales y no se vender\u00e1n ni transmitir\u00e1n a terceros.<\/p>\n<p>En estrecha colaboraci\u00f3n con nuestros proveedores de alojamiento, nos esforzamos por proteger al m\u00e1ximo las bases de datos contra el acceso de terceros, la p\u00e9rdida, el uso indebido o la falsificaci\u00f3n.<\/p>\n<p>Al acceder a nuestros sitios web, se almacenan los siguientes datos en archivos de registro: Direcci\u00f3n IP, fecha, hora, solicitud del navegador e informaci\u00f3n general sobre el sistema operativo o el navegador. Estos datos de uso constituyen la base de evaluaciones estad\u00edsticas an\u00f3nimas, de modo que se pueden identificar tendencias, en base a las cuales podemos mejorar nuestras ofertas en forma acorde.<\/p>\n<p><strong>Declaraci\u00f3n de responsabilidad<\/strong><br \/>\nEl autor se reserva el derecho de no ser responsable de la actualidad, exactitud, integridad o calidad de la informaci\u00f3n proporcionada.<\/p>\n<p>Quedan excluidas las reclamaciones de responsabilidad contra el autor por da\u00f1os y perjuicios de car\u00e1cter material o inmaterial derivados del acceso o la utilizaci\u00f3n o no utilizaci\u00f3n de la informaci\u00f3n publicada, del mal uso de la conexi\u00f3n o de perturbaciones t\u00e9cnicas.<\/p>\n<p>Todas las ofertas son sin compromiso. El autor se reserva expresamente el derecho a cambiar, modificar o eliminar partes de las p\u00e1ginas o toda la oferta sin previo aviso, o a interrumpir temporal o definitivamente la publicaci\u00f3n.<\/p>\n<p><a href=\"https:\/\/p-pgroup.com\/es\/contacto\/\" target=\"_blank\" rel=\"noopener\">Cont\u00e1ctenos<\/a>[\/wgl_custom_text][wgl_spacing spacer_size=&#8221;30px&#8221;][\/vc_column][\/vc_row]<\/p>\n","protected":false},"excerpt":{"rendered":"<p>[vc_row css=&#8221;.vc_custom_1596057289356{margin-right: 40px !important;margin-left: 40px !important;}&#8221;][vc_column][wgl_custom_text font_size=&#8221;18&#8243;]Registro comercial Denominaci\u00f3n social: P&amp;P group GmbH \/ P&amp;P group S.\u00e0.r.L \/ P&amp;P group<\/p>\n","protected":false},"author":4,"featured_media":0,"parent":0,"menu_order":0,"comment_status":"closed","ping_status":"closed","template":"","meta":{"footnotes":""},"class_list":["post-3755","page","type-page","status-publish","hentry"],"_links":{"self":[{"href":"https:\/\/p-pgroup.com\/es\/wp-json\/wp\/v2\/pages\/3755","targetHints":{"allow":["GET"]}}],"collection":[{"href":"https:\/\/p-pgroup.com\/es\/wp-json\/wp\/v2\/pages"}],"about":[{"href":"https:\/\/p-pgroup.com\/es\/wp-json\/wp\/v2\/types\/page"}],"author":[{"embeddable":true,"href":"https:\/\/p-pgroup.com\/es\/wp-json\/wp\/v2\/users\/4"}],"replies":[{"embeddable":true,"href":"https:\/\/p-pgroup.com\/es\/wp-json\/wp\/v2\/comments?post=3755"}],"version-history":[{"count":5,"href":"https:\/\/p-pgroup.com\/es\/wp-json\/wp\/v2\/pages\/3755\/revisions"}],"predecessor-version":[{"id":3764,"href":"https:\/\/p-pgroup.com\/es\/wp-json\/wp\/v2\/pages\/3755\/revisions\/3764"}],"wp:attachment":[{"href":"https:\/\/p-pgroup.com\/es\/wp-json\/wp\/v2\/media?parent=3755"}],"curies":[{"name":"wp","href":"https:\/\/api.w.org\/{rel}","templated":true}]}}