{"id":28669,"date":"2024-07-13T13:13:04","date_gmt":"2024-07-13T13:13:04","guid":{"rendered":"https:\/\/p-pgroup.com\/shop\/unkategorisiert\/bewerbungsschreiben-herunterladen-medizinische-praxisassistenz-fuer-allgemeine-innere-medizin-de\/"},"modified":"2024-08-10T15:43:27","modified_gmt":"2024-08-10T15:43:27","slug":"cv-medizinische-praxisassistenz-allgemeine-innere-medizin","status":"publish","type":"product","link":"https:\/\/p-pgroup.com\/de\/shop\/bewerbungschreiben\/gesundheitspflege\/cv-medizinische-praxisassistenz-allgemeine-innere-medizin\/","title":{"rendered":"Bewerbungsschreiben herunterladen &#8211; Medizinische Praxisassistenz fu\u0308r Allgemeine Innere Medizin &#8211; de"},"content":{"rendered":"\t\t<div data-elementor-type=\"wp-post\" data-elementor-id=\"28669\" class=\"elementor elementor-28669 elementor-28243\">\n\t\t\t\t<div class=\"wd-negative-gap elementor-element elementor-element-65b61fd7 e-flex e-con-boxed e-con e-parent\" data-id=\"65b61fd7\" data-element_type=\"container\" data-e-type=\"container\">\n\t\t\t\t\t<div class=\"e-con-inner\">\n\t\t\t\t<div class=\"elementor-element elementor-element-50b58091 color-scheme-inherit text-left elementor-widget elementor-widget-text-editor\" data-id=\"50b58091\" data-element_type=\"widget\" data-e-type=\"widget\" data-widget_type=\"text-editor.default\">\n\t\t\t\t<div class=\"elementor-widget-container\">\n\t\t\t\t\t\t\t\t\t<p><strong>Personalisierbare Vorlage:<\/strong><\/p>\n<ul>\n<li>Passt das Bewerbungsschreiben ganz einfach auf eure spezifischen Erfahrungen, F\u00e4higkeiten und die gew\u00fcnschte Arbeitsstelle an.<\/li>\n<li>Professionelle Formatierung: Entspricht den Branchenstandards und gew\u00e4hrleistet eine korrekte und \u00fcbersichtliche Vorlage.<\/li>\n<li>\u00dcberzeugender Inhalt: Vordefinierte Textabschnitte bieten eine solide Grundlage, w\u00e4hrend individuell anpassbare Bereiche es Ihnen erm\u00f6glichen, Ihre einzigartigen Eigenschaften hervorzuheben.<\/li>\n<li>Schl\u00fcsselwort-Optimierung: Strategisch platzierte Schl\u00fcsselw\u00f6rter erh\u00f6hen die Wahrnehmung Ihres Bewerbungsschreibens bei potenziellen Arbeitgebern.<\/li>\n<\/ul>\n\t\t\t\t\t\t\t\t<\/div>\n\t\t\t\t<\/div>\n\t\t\t\t\t<\/div>\n\t\t\t\t<\/div>\n\t\t\t\t<\/div>\n\t\t","protected":false},"excerpt":{"rendered":"<p>Durch ein sorgf\u00e4ltig formuliertes Bewerbungsschreiben Medizinische Praxisassistenz f\u00fcr Allgemeine Innere Medizin pr\u00e4sentieren Sie sich als professioneller Bewerber, der den Bewerbungsprozess ernst nimmt. Es kann Ihre Glaubw\u00fcrdigkeit erh\u00f6hen und einen positiven Eindruck bei potenziellen Arbeitgebern hinterlassen.<\/p>\n<p>Das Bewerbungsschreiben ist in deutscher Sprache verfasst, um sicherzustellen, dass Ihre Bewerbung sprachlich korrekt und kulturell angemessen ist. Dies ist entscheidend, um Ihre Sprachkenntnisse und Ihre Eignung f\u00fcr die Arbeitsstelle in einem deutschsprachigen Umfeld unter Beweis zu stellen.<\/p>\n<p>Unser Download dient als Ausgangsbasis f\u00fcr Ihr individuelles Bewerbungsschreiben. Sie k\u00f6nnen die Textbausteine an Ihre pers\u00f6nliche Situation anpassen, relevante Erfahrungen hervorheben und Ihre Qualifikationen detailliert beschreiben. Das Ergebnis ist ein einzigartiges Anschreiben, das Ihre Pers\u00f6nlichkeit und fachliche Kompetenz authentisch widerspiegelt.<\/p>\n<p>Dieses Bewerbungsschreiben liegt im RTF-Format vor, ist absolut geeignet, kostenlos und einfach zu bearbeiten sowie in viele verschiedene Formate zu konvertieren, z.B. Microsoft Word, PDF, PP, E-Mail und vieles mehr.<\/p>\n","protected":false},"featured_media":28248,"template":"","meta":[],"product_brand":[],"product_cat":[530,543],"product_tag":[555,538,558,552],"class_list":{"0":"post-28669","1":"product","2":"type-product","3":"status-publish","4":"has-post-thumbnail","6":"product_cat-bewerbungschreiben","7":"product_cat-gesundheitspflege","8":"product_tag-w-deutschland","9":"product_tag-mustern-deutsch","10":"product_tag-w-oesterreich","11":"product_tag-w-schweiz","13":"first","14":"instock","15":"downloadable","16":"virtual","17":"purchasable","18":"product-type-simple"},"_links":{"self":[{"href":"https:\/\/p-pgroup.com\/de\/wp-json\/wp\/v2\/product\/28669","targetHints":{"allow":["GET"]}}],"collection":[{"href":"https:\/\/p-pgroup.com\/de\/wp-json\/wp\/v2\/product"}],"about":[{"href":"https:\/\/p-pgroup.com\/de\/wp-json\/wp\/v2\/types\/product"}],"version-history":[{"count":2,"href":"https:\/\/p-pgroup.com\/de\/wp-json\/wp\/v2\/product\/28669\/revisions"}],"predecessor-version":[{"id":28671,"href":"https:\/\/p-pgroup.com\/de\/wp-json\/wp\/v2\/product\/28669\/revisions\/28671"}],"wp:featuredmedia":[{"embeddable":true,"href":"https:\/\/p-pgroup.com\/de\/wp-json\/wp\/v2\/media\/28248"}],"wp:attachment":[{"href":"https:\/\/p-pgroup.com\/de\/wp-json\/wp\/v2\/media?parent=28669"}],"wp:term":[{"taxonomy":"product_brand","embeddable":true,"href":"https:\/\/p-pgroup.com\/de\/wp-json\/wp\/v2\/product_brand?post=28669"},{"taxonomy":"product_cat","embeddable":true,"href":"https:\/\/p-pgroup.com\/de\/wp-json\/wp\/v2\/product_cat?post=28669"},{"taxonomy":"product_tag","embeddable":true,"href":"https:\/\/p-pgroup.com\/de\/wp-json\/wp\/v2\/product_tag?post=28669"}],"curies":[{"name":"wp","href":"https:\/\/api.w.org\/{rel}","templated":true}]}}