{"id":27840,"date":"2024-03-28T20:58:35","date_gmt":"2024-03-28T20:58:35","guid":{"rendered":"https:\/\/p-pgroup.com\/shop\/unkategorisiert\/bewerbungsschreiben-herunterladen-senior-data-analyst-en\/"},"modified":"2024-05-28T22:46:05","modified_gmt":"2024-05-28T22:46:05","slug":"cv-senior-data-analyst","status":"publish","type":"product","link":"https:\/\/p-pgroup.com\/de\/shop\/bewerbungschreiben\/informatik\/cv-senior-data-analyst\/","title":{"rendered":"Bewerbungsschreiben herunterladen &#8211; Senior Data Analyst &#8211; en"},"content":{"rendered":"\t\t<div data-elementor-type=\"wp-post\" data-elementor-id=\"27840\" class=\"elementor elementor-27840 elementor-27803\">\n\t\t\t\t<div class=\"wd-negative-gap elementor-element elementor-element-65b61fd7 e-flex e-con-boxed e-con e-parent\" data-id=\"65b61fd7\" data-element_type=\"container\" data-e-type=\"container\">\n\t\t\t\t\t<div class=\"e-con-inner\">\n\t\t\t\t<div class=\"elementor-element elementor-element-50b58091 color-scheme-inherit text-left elementor-widget elementor-widget-text-editor\" data-id=\"50b58091\" data-element_type=\"widget\" data-e-type=\"widget\" data-widget_type=\"text-editor.default\">\n\t\t\t\t<div class=\"elementor-widget-container\">\n\t\t\t\t\t\t\t\t\t<p><strong>Personalisierbare Vorlage:<\/strong><\/p><ul><li>Das Bewerbungsschreiben l\u00e4sst sich leicht an Ihre spezifischen Erfahrungen, F\u00e4higkeiten und die angestrebte Position anpassen.<\/li><li>Kompetente Formatierung: Entspricht den Branchenstandards und gew\u00e4hrleistet eine saubere und \u00fcbersichtliche Darstellung.<\/li><li>\u00dcberzeugender Inhalt: Die vorformulierten Textabschnitte bieten eine solide Grundlage, w\u00e4hrend die anpassbaren Bereiche es Ihnen erm\u00f6glichen, Ihre einzigartigen Eigenschaften hervorzuheben.<\/li><li>Schl\u00fcsselwort-Optimierung: Strategisch angeordnete Schl\u00fcsselw\u00f6rter erh\u00f6hen die Wahrnehmung Ihres Lebenslaufs bei potenziellen Arbeitgebern.<\/li><\/ul>\t\t\t\t\t\t\t\t<\/div>\n\t\t\t\t<\/div>\n\t\t\t\t\t<\/div>\n\t\t\t\t<\/div>\n\t\t\t\t<\/div>\n\t\t","protected":false},"excerpt":{"rendered":"<p>Ein fachgerecht formuliertes Motivationsschreiben f\u00fcr einen Senior Data Analysten sollte Ihre F\u00e4higkeit zur Datenanalyse und zur effektiven Pr\u00e4sentation Ihrer Erfahrungen hervorheben. Es betont Ihre Kompetenz im Umgang mit analytischen Tools und Techniken.<\/p>\n<p>Mithilfe dieser Vorlage k\u00f6nnen Sie Ihr Bewerbungsschreiben gliedern und sicherstellen, dass es alle erforderlichen Elemente enth\u00e4lt, z. B. einen \u00fcberzeugenden einleitenden Absatz, eine detaillierte Beschreibung Ihrer F\u00e4higkeiten bzw. Ihrer Erfahrung und ein aussagekr\u00e4ftiges Schlusswort.<\/p>\n","protected":false},"featured_media":27834,"template":"","meta":[],"product_brand":[],"product_cat":[530,532],"product_tag":[534,536],"class_list":{"0":"post-27840","1":"product","2":"type-product","3":"status-publish","4":"has-post-thumbnail","6":"product_cat-bewerbungschreiben","7":"product_cat-informatik","8":"product_tag-international-de","9":"product_tag-mustern-englisch","11":"first","12":"instock","13":"sale","14":"downloadable","15":"virtual","16":"purchasable","17":"product-type-simple"},"_links":{"self":[{"href":"https:\/\/p-pgroup.com\/de\/wp-json\/wp\/v2\/product\/27840","targetHints":{"allow":["GET"]}}],"collection":[{"href":"https:\/\/p-pgroup.com\/de\/wp-json\/wp\/v2\/product"}],"about":[{"href":"https:\/\/p-pgroup.com\/de\/wp-json\/wp\/v2\/types\/product"}],"version-history":[{"count":10,"href":"https:\/\/p-pgroup.com\/de\/wp-json\/wp\/v2\/product\/27840\/revisions"}],"predecessor-version":[{"id":27861,"href":"https:\/\/p-pgroup.com\/de\/wp-json\/wp\/v2\/product\/27840\/revisions\/27861"}],"wp:featuredmedia":[{"embeddable":true,"href":"https:\/\/p-pgroup.com\/de\/wp-json\/wp\/v2\/media\/27834"}],"wp:attachment":[{"href":"https:\/\/p-pgroup.com\/de\/wp-json\/wp\/v2\/media?parent=27840"}],"wp:term":[{"taxonomy":"product_brand","embeddable":true,"href":"https:\/\/p-pgroup.com\/de\/wp-json\/wp\/v2\/product_brand?post=27840"},{"taxonomy":"product_cat","embeddable":true,"href":"https:\/\/p-pgroup.com\/de\/wp-json\/wp\/v2\/product_cat?post=27840"},{"taxonomy":"product_tag","embeddable":true,"href":"https:\/\/p-pgroup.com\/de\/wp-json\/wp\/v2\/product_tag?post=27840"}],"curies":[{"name":"wp","href":"https:\/\/api.w.org\/{rel}","templated":true}]}}