{"id":27813,"date":"2024-05-27T21:16:05","date_gmt":"2024-05-27T21:16:05","guid":{"rendered":"https:\/\/p-pgroup.com\/shop\/unkategorisiert\/bewerbungsschreiben-herunterladen-measurement-report-analyst-en\/"},"modified":"2024-05-27T22:01:10","modified_gmt":"2024-05-27T22:01:10","slug":"cv-measurement-report-analyst","status":"publish","type":"product","link":"https:\/\/p-pgroup.com\/de\/shop\/bewerbungschreiben\/cv-measurement-report-analyst\/","title":{"rendered":"Bewerbungsschreiben herunterladen &#8211; Measurement &#038; Report Analyst &#8211; en"},"content":{"rendered":"\t\t<div data-elementor-type=\"wp-post\" data-elementor-id=\"27813\" class=\"elementor elementor-27813 elementor-27804\">\n\t\t\t\t<div class=\"wd-negative-gap elementor-element elementor-element-65b61fd7 e-flex e-con-boxed e-con e-parent\" data-id=\"65b61fd7\" data-element_type=\"container\" data-e-type=\"container\">\n\t\t\t\t\t<div class=\"e-con-inner\">\n\t\t\t\t<div class=\"elementor-element elementor-element-50b58091 color-scheme-inherit text-left elementor-widget elementor-widget-text-editor\" data-id=\"50b58091\" data-element_type=\"widget\" data-e-type=\"widget\" data-widget_type=\"text-editor.default\">\n\t\t\t\t<div class=\"elementor-widget-container\">\n\t\t\t\t\t\t\t\t\t<p><strong>Personalisierbare Vorlage:<\/strong><\/p><ul><li>Richten Sie das Bewerbungsschreiben ganz einfach auf Ihre spezifischen Erfahrungen, F\u00e4higkeiten und die angestrebte Stelle aus.<\/li><li>Professionelle Formatierung: Entspricht den Industriestandards und gew\u00e4hrleistet eine saubere und \u00fcbersichtliche Darstellung.<\/li><li>\u00dcberzeugender Inhalt: Vorgefertigte Abschnitte bieten eine solide Grundlage, w\u00e4hrend anpassbare Bereiche es Ihnen erm\u00f6glichen, Ihre einzigartigen Eigenschaften hervorzuheben.<\/li><li>Schl\u00fcsselwort-Optimierung: Strategisch platzierte Schl\u00fcsselw\u00f6rter erh\u00f6hen die Sichtbarkeit Ihres Lebenslaufs f\u00fcr potenzielle Personalverantwortliche.<\/li><\/ul>\t\t\t\t\t\t\t\t<\/div>\n\t\t\t\t<\/div>\n\t\t\t\t\t<\/div>\n\t\t\t\t<\/div>\n\t\t\t\t<\/div>\n\t\t","protected":false},"excerpt":{"rendered":"<p>Laden Sie ein gut formuliertes Anschreiben herunter, das ein wesentlicher Bestandteil jeder Bewerbung ist, insbesondere f\u00fcr eine Stelle als Measurement &amp; Report Analyst. Es bietet Ihnen die M\u00f6glichkeit, sich vorzustellen, Ihre relevanten F\u00e4higkeiten und Erfahrungen hervorzuheben und Ihre Begeisterung f\u00fcr die Stelle zu zeigen.<\/p>\n<p>Versenden Sie Ihren Lebenslauf in wenigen Minuten, indem Sie unsere Vorlage f\u00fcr ein Anschreiben herunterladen und anpassen. So erh\u00f6hen Sie Ihre Chancen, einen positiven Eindruck beim Arbeitgeber zu hinterlassen.<\/p>\n","protected":false},"featured_media":27806,"template":"","meta":[],"product_brand":[],"product_cat":[530,532],"product_tag":[534,536],"class_list":{"0":"post-27813","1":"product","2":"type-product","3":"status-publish","4":"has-post-thumbnail","6":"product_cat-bewerbungschreiben","7":"product_cat-informatik","8":"product_tag-international-de","9":"product_tag-mustern-englisch","11":"first","12":"instock","13":"downloadable","14":"virtual","15":"purchasable","16":"product-type-simple"},"_links":{"self":[{"href":"https:\/\/p-pgroup.com\/de\/wp-json\/wp\/v2\/product\/27813","targetHints":{"allow":["GET"]}}],"collection":[{"href":"https:\/\/p-pgroup.com\/de\/wp-json\/wp\/v2\/product"}],"about":[{"href":"https:\/\/p-pgroup.com\/de\/wp-json\/wp\/v2\/types\/product"}],"version-history":[{"count":8,"href":"https:\/\/p-pgroup.com\/de\/wp-json\/wp\/v2\/product\/27813\/revisions"}],"predecessor-version":[{"id":27822,"href":"https:\/\/p-pgroup.com\/de\/wp-json\/wp\/v2\/product\/27813\/revisions\/27822"}],"wp:featuredmedia":[{"embeddable":true,"href":"https:\/\/p-pgroup.com\/de\/wp-json\/wp\/v2\/media\/27806"}],"wp:attachment":[{"href":"https:\/\/p-pgroup.com\/de\/wp-json\/wp\/v2\/media?parent=27813"}],"wp:term":[{"taxonomy":"product_brand","embeddable":true,"href":"https:\/\/p-pgroup.com\/de\/wp-json\/wp\/v2\/product_brand?post=27813"},{"taxonomy":"product_cat","embeddable":true,"href":"https:\/\/p-pgroup.com\/de\/wp-json\/wp\/v2\/product_cat?post=27813"},{"taxonomy":"product_tag","embeddable":true,"href":"https:\/\/p-pgroup.com\/de\/wp-json\/wp\/v2\/product_tag?post=27813"}],"curies":[{"name":"wp","href":"https:\/\/api.w.org\/{rel}","templated":true}]}}