{"id":30107,"date":"2024-09-24T09:19:22","date_gmt":"2024-09-24T09:19:22","guid":{"rendered":"https:\/\/p-pgroup.com\/wordpress\/bilder-multimedia\/"},"modified":"2024-09-24T09:29:46","modified_gmt":"2024-09-24T09:29:46","slug":"bilder","status":"publish","type":"page","link":"https:\/\/p-pgroup.com\/de\/wordpress\/bilder\/","title":{"rendered":"Bilder &amp; Multimedia"},"content":{"rendered":"\t\t<div data-elementor-type=\"wp-page\" data-elementor-id=\"30107\" class=\"elementor elementor-30107 elementor-30083\">\n\t\t\t\t\t\t<section class=\"wd-negative-gap elementor-section elementor-top-section elementor-element elementor-element-97e6589 wd-section-stretch elementor-section-boxed elementor-section-height-default elementor-section-height-default\" data-id=\"97e6589\" data-element_type=\"section\" data-e-type=\"section\" data-settings=\"{&quot;background_background&quot;:&quot;classic&quot;}\">\n\t\t\t\t\t\t<div class=\"elementor-container elementor-column-gap-default\">\n\t\t\t\t\t<div class=\"elementor-column elementor-col-100 elementor-top-column elementor-element elementor-element-6c81e7b9\" data-id=\"6c81e7b9\" data-element_type=\"column\" data-e-type=\"column\">\n\t\t\t<div class=\"elementor-widget-wrap elementor-element-populated\">\n\t\t\t\t\t\t<div class=\"elementor-element elementor-element-a24b712 wd-width-100 elementor-widget elementor-widget-wd_title\" data-id=\"a24b712\" data-element_type=\"widget\" data-e-type=\"widget\" data-widget_type=\"wd_title.default\">\n\t\t\t\t<div class=\"elementor-widget-container\">\n\t\t\t\t\t\t\t<div class=\"title-wrapper wd-set-mb reset-last-child wd-title-color-alt wd-title-style-simple wd-title-size-default text-center\">\n\n\t\t\t\n\t\t\t<div class=\"liner-continer\">\n\t\t\t\t<h4 class=\"woodmart-title-container title wd-fontsize-l wd-underline-colored-alt\"><strong>Verbessern Sie Ihre WordPress-Website mit<\/strong>  <u> Erstaunliche Bilder<\/u><\/h4> \n\t\t\t\t\t\t\t<\/div>\n\n\t\t\t\t\t<\/div>\n\t\t\t\t\t\t<\/div>\n\t\t\t\t<\/div>\n\t\t\t\t<div class=\"elementor-element elementor-element-bbad065 elementor-widget elementor-widget-wd_text_block\" data-id=\"bbad065\" data-element_type=\"widget\" data-e-type=\"widget\" data-widget_type=\"wd_text_block.default\">\n\t\t\t\t<div class=\"elementor-widget-container\">\n\t\t\t\t\t\t\t<div class=\"wd-text-block reset-last-child text-center\">\n\t\t\t\n\t\t\t<p><strong>Bilder sind das Herzblut einer attraktiven WordPress-Website.<\/strong> Bilder erz\u00e4hlen Geschichten, fesseln Besucher und bringen die Pers\u00f6nlichkeit Ihrer Marke zum Ausdruck. Doch die Auswahl der richtigen Bilder - in der richtigen Gr\u00f6\u00dfe, Qualit\u00e4t und im richtigen Format - ist entscheidend f\u00fcr ein nahtloses Nutzererlebnis und eine optimale Leistung.<\/p>\n\t\t\t\t\t<\/div>\n\t\t\t\t\t\t<\/div>\n\t\t\t\t<\/div>\n\t\t\t\t<div class=\"elementor-element elementor-element-39556244 elementor-widget elementor-widget-wd_text_block\" data-id=\"39556244\" data-element_type=\"widget\" data-e-type=\"widget\" data-widget_type=\"wd_text_block.default\">\n\t\t\t\t<div class=\"elementor-widget-container\">\n\t\t\t\t\t\t\t<div class=\"wd-text-block reset-last-child text-center\">\n\t\t\t\n\t\t\t<h3>\" Verst\u00e4rken und verbessern das Aussehen Ihrer WordPress-Website mit beeindruckenden Bildern! Erfahren Sie, wie Sie Bilder optimieren, h\u00e4ufige Probleme beheben und unsere Expertenempfehlungen f\u00fcr einen professionellen Look befolgen \"<\/h3>\n\t\t\t\t\t<\/div>\n\t\t\t\t\t\t<\/div>\n\t\t\t\t<\/div>\n\t\t\t\t\t<\/div>\n\t\t<\/div>\n\t\t\t\t\t<\/div>\n\t\t<\/section>\n\t\t\t\t<section class=\"wd-negative-gap elementor-section elementor-top-section elementor-element elementor-element-288f4238 elementor-section-boxed elementor-section-height-default elementor-section-height-default\" data-id=\"288f4238\" data-element_type=\"section\" data-e-type=\"section\" data-settings=\"{&quot;background_background&quot;:&quot;classic&quot;}\">\n\t\t\t\t\t\t<div class=\"elementor-container elementor-column-gap-default\">\n\t\t\t\t\t<div class=\"elementor-column elementor-col-100 elementor-top-column elementor-element elementor-element-74578437\" data-id=\"74578437\" data-element_type=\"column\" data-e-type=\"column\">\n\t\t\t<div class=\"elementor-widget-wrap elementor-element-populated\">\n\t\t\t\t\t\t<div class=\"elementor-element elementor-element-1cb39728 wd-width-100 elementor-widget elementor-widget-wd_title\" data-id=\"1cb39728\" data-element_type=\"widget\" data-e-type=\"widget\" data-widget_type=\"wd_title.default\">\n\t\t\t\t<div class=\"elementor-widget-container\">\n\t\t\t\t\t\t\t<div class=\"title-wrapper wd-set-mb reset-last-child wd-title-color-primary wd-title-style-default wd-title-size-large text-center\">\n\n\t\t\t\n\t\t\t<div class=\"liner-continer\">\n\t\t\t\t<h5 class=\"woodmart-title-container title wd-fontsize-xxl\">Vorteile von optimalen Bildern<\/h5> \n\t\t\t\t\t\t\t<\/div>\n\n\t\t\t\t\t<\/div>\n\t\t\t\t\t\t<\/div>\n\t\t\t\t<\/div>\n\t\t\t\t<div class=\"elementor-element elementor-element-bc89ded text-center color-scheme-inherit elementor-widget elementor-widget-text-editor\" data-id=\"bc89ded\" data-element_type=\"widget\" data-e-type=\"widget\" data-widget_type=\"text-editor.default\">\n\t\t\t\t<div class=\"elementor-widget-container\">\n\t\t\t\t\t\t\t\t\t<ul>\n<li><strong>Verbesserte Seitengeschwindigkeit:<\/strong> Optimierte Bilder verringern die Dateigr\u00f6\u00dfe, was zu schnelleren Ladezeiten der Website f\u00fchrt.<\/li>\n<li><strong>Verbesserte Benutzerfreundlichkeit:<\/strong> Besucher werden ein nahtloses Browsing-Erlebnis ohne Unterbrechungen durch langsam ladende Bilder zu sch\u00e4tzen wissen.<\/li>\n<li><strong>Besseres Suchergebnisse in Suchmaschinen:<\/strong> Google bevorzugt Websites mit schnellen Ladezeiten, was Ihnen einen SEO-Vorteil verschafft.<br \/>\nGeringere Bandbreitennutzung: Kleinere Bilddateien sparen Bandbreite und reduzieren Ihre Hosting-Kosten.<\/li>\n<\/ul>\n\t\t\t\t\t\t\t\t<\/div>\n\t\t\t\t<\/div>\n\t\t\t\t\t<\/div>\n\t\t<\/div>\n\t\t\t\t\t<\/div>\n\t\t<\/section>\n\t\t\t\t<section class=\"wd-negative-gap elementor-section elementor-top-section elementor-element elementor-element-438e777 elementor-section-boxed elementor-section-height-default elementor-section-height-default\" data-id=\"438e777\" data-element_type=\"section\" data-e-type=\"section\" data-settings=\"{&quot;background_background&quot;:&quot;classic&quot;}\">\n\t\t\t\t\t\t<div class=\"elementor-container elementor-column-gap-default\">\n\t\t\t\t\t<div class=\"elementor-column elementor-col-100 elementor-top-column elementor-element elementor-element-50299eb\" data-id=\"50299eb\" data-element_type=\"column\" data-e-type=\"column\">\n\t\t\t<div class=\"elementor-widget-wrap elementor-element-populated\">\n\t\t\t\t\t\t<div class=\"elementor-element elementor-element-0d1ff88 elementor-widget elementor-widget-wd_image_or_svg\" data-id=\"0d1ff88\" data-element_type=\"widget\" data-e-type=\"widget\" data-widget_type=\"wd_image_or_svg.default\">\n\t\t\t\t<div class=\"elementor-widget-container\">\n\t\t\t\t\t\n\t\t<div class=\"wd-image text-center\">\n\t\t\t\t\t\t\t<a  href=\"https:\/\/p-pgroup.com\/de\/shop\/online-schulung\/online-geld-verdienen-1tsd\/\" target=\"_blank\" boost=\"\" aria-label=\"Image link\">\n\t\t\t\t\t\t\t\t<img loading=\"lazy\" decoding=\"async\" width=\"768\" height=\"439\" src=\"https:\/\/p-pgroup.com\/wp-content\/uploads\/2024\/09\/jetzt-lernen-digital-geld-zu-verdienen-eintausand-euro--768x439.jpg\" class=\"attachment-medium_large size-medium_large\" alt=\"jetzt lernen digital geld zu verdienen eintausand dollar\" srcset=\"https:\/\/p-pgroup.com\/wp-content\/uploads\/2024\/09\/jetzt-lernen-digital-geld-zu-verdienen-eintausand-euro--768x439.jpg 768w, https:\/\/p-pgroup.com\/wp-content\/uploads\/2024\/09\/jetzt-lernen-digital-geld-zu-verdienen-eintausand-euro--400x229.jpg 400w, https:\/\/p-pgroup.com\/wp-content\/uploads\/2024\/09\/jetzt-lernen-digital-geld-zu-verdienen-eintausand-euro--1300x743.jpg 1300w, https:\/\/p-pgroup.com\/wp-content\/uploads\/2024\/09\/jetzt-lernen-digital-geld-zu-verdienen-eintausand-euro--1536x878.jpg 1536w, https:\/\/p-pgroup.com\/wp-content\/uploads\/2024\/09\/jetzt-lernen-digital-geld-zu-verdienen-eintausand-euro--430x246.jpg 430w, https:\/\/p-pgroup.com\/wp-content\/uploads\/2024\/09\/jetzt-lernen-digital-geld-zu-verdienen-eintausand-euro--700x400.jpg 700w, https:\/\/p-pgroup.com\/wp-content\/uploads\/2024\/09\/jetzt-lernen-digital-geld-zu-verdienen-eintausand-euro--150x86.jpg 150w, https:\/\/p-pgroup.com\/wp-content\/uploads\/2024\/09\/jetzt-lernen-digital-geld-zu-verdienen-eintausand-euro-.jpg 1792w\" sizes=\"auto, (max-width: 768px) 100vw, 768px\" title=\"|\">\t\t\t\t\t\t\t<\/a>\n\t\t\t\t\t<\/div>\n\n\t\t\t\t\t\t<\/div>\n\t\t\t\t<\/div>\n\t\t\t\t\t<\/div>\n\t\t<\/div>\n\t\t\t\t\t<\/div>\n\t\t<\/section>\n\t\t\t\t<section class=\"wd-negative-gap elementor-section elementor-top-section elementor-element elementor-element-2e269e1 elementor-section-boxed elementor-section-height-default elementor-section-height-default\" data-id=\"2e269e1\" data-element_type=\"section\" data-e-type=\"section\">\n\t\t\t\t\t\t<div class=\"elementor-container elementor-column-gap-default\">\n\t\t\t\t\t<div class=\"elementor-column elementor-col-100 elementor-top-column elementor-element elementor-element-ea12d5a\" data-id=\"ea12d5a\" data-element_type=\"column\" data-e-type=\"column\">\n\t\t\t<div class=\"elementor-widget-wrap elementor-element-populated\">\n\t\t\t\t\t\t<div class=\"elementor-element elementor-element-293896b wd-width-100 elementor-widget elementor-widget-wd_title\" data-id=\"293896b\" data-element_type=\"widget\" data-e-type=\"widget\" data-widget_type=\"wd_title.default\">\n\t\t\t\t<div class=\"elementor-widget-container\">\n\t\t\t\t\t\t\t<div class=\"title-wrapper wd-set-mb reset-last-child wd-title-color-primary wd-title-style-default wd-title-size-large text-center\">\n\n\t\t\t\n\t\t\t<div class=\"liner-continer\">\n\t\t\t\t<h5 class=\"woodmart-title-container title wd-fontsize-xxl\">Empfohlene Gr\u00f6\u00dfen<\/h5> \n\t\t\t\t\t\t\t<\/div>\n\n\t\t\t\t\t<\/div>\n\t\t\t\t\t\t<\/div>\n\t\t\t\t<\/div>\n\t\t\t\t<div class=\"elementor-element elementor-element-f31d54d text-center color-scheme-inherit elementor-widget elementor-widget-text-editor\" data-id=\"f31d54d\" data-element_type=\"widget\" data-e-type=\"widget\" data-widget_type=\"text-editor.default\">\n\t\t\t\t<div class=\"elementor-widget-container\">\n\t\t\t\t\t\t\t\t\t<ul>\n<li><strong>Heldenbilder:<\/strong> 1920px x 1080px (f\u00fcr ganzbreite Bildschirme)<\/li>\n<li><strong>Blog-Beitr\u00e4ge:<\/strong> 1000px x 600px (f\u00fcr vorgestellte Bilder)<\/li>\n<li><strong>Thumbnails Vorschaubilder &#8211; Miniaturansicht:<\/strong> 150px x 150px (f\u00fcr Galerien und Inserate)<\/li>\n<li><strong>Anpassungsf\u00e4higer Entwurf:<\/strong> Die Bilder sollten sich automatisch an die verschiedenen Bildschirmgr\u00f6\u00dfen anpassen, um ein optimales Erlebnis auf allen Ger\u00e4ten zu gew\u00e4hrleisten.<\/li>\n<\/ul>\n\t\t\t\t\t\t\t\t<\/div>\n\t\t\t\t<\/div>\n\t\t\t\t\t<\/div>\n\t\t<\/div>\n\t\t\t\t\t<\/div>\n\t\t<\/section>\n\t\t\t\t<section class=\"wd-negative-gap elementor-section elementor-top-section elementor-element elementor-element-f4c6980 elementor-section-boxed elementor-section-height-default elementor-section-height-default\" data-id=\"f4c6980\" data-element_type=\"section\" data-e-type=\"section\">\n\t\t\t\t\t\t<div class=\"elementor-container elementor-column-gap-default\">\n\t\t\t\t\t<div class=\"elementor-column elementor-col-100 elementor-top-column elementor-element elementor-element-c6c6716\" data-id=\"c6c6716\" data-element_type=\"column\" data-e-type=\"column\">\n\t\t\t<div class=\"elementor-widget-wrap elementor-element-populated\">\n\t\t\t\t\t\t<div class=\"elementor-element elementor-element-a07a512 wd-width-100 elementor-widget elementor-widget-wd_title\" data-id=\"a07a512\" data-element_type=\"widget\" data-e-type=\"widget\" data-widget_type=\"wd_title.default\">\n\t\t\t\t<div class=\"elementor-widget-container\">\n\t\t\t\t\t\t\t<div class=\"title-wrapper wd-set-mb reset-last-child wd-title-color-primary wd-title-style-default wd-title-size-large text-center\">\n\n\t\t\t\n\t\t\t<div class=\"liner-continer\">\n\t\t\t\t<h5 class=\"woodmart-title-container title wd-fontsize-xxl\">Bildqualit\u00e4t<\/h5> \n\t\t\t\t\t\t\t<\/div>\n\n\t\t\t\t\t<\/div>\n\t\t\t\t\t\t<\/div>\n\t\t\t\t<\/div>\n\t\t\t\t<div class=\"elementor-element elementor-element-11dcf2e text-center color-scheme-inherit elementor-widget elementor-widget-text-editor\" data-id=\"11dcf2e\" data-element_type=\"widget\" data-e-type=\"widget\" data-widget_type=\"text-editor.default\">\n\t\t\t\t<div class=\"elementor-widget-container\">\n\t\t\t\t\t\t\t\t\t<ul>\n<li><strong>Hohe Aufl\u00f6sung anstreben<\/strong>: Knackige, scharfe Bilder machen einen starken Eindruck. Verwenden Sie Bilder mit einer Mindestaufl\u00f6sung von 72 dpi f\u00fcr die Verwendung im Web.<\/li>\n<li><strong>Schnelle Komprimierung:<\/strong> Web-optimierte Formate wie JPEG und PNG erm\u00f6glichen die Komprimierung von Bildern ohne nennenswerte Qualit\u00e4tsverluste, sodass die Dateigr\u00f6\u00dfen \u00fcberschaubar bleiben.<\/li>\n<\/ul>\n\t\t\t\t\t\t\t\t<\/div>\n\t\t\t\t<\/div>\n\t\t\t\t\t<\/div>\n\t\t<\/div>\n\t\t\t\t\t<\/div>\n\t\t<\/section>\n\t\t\t\t<section class=\"wd-negative-gap elementor-section elementor-top-section elementor-element elementor-element-d7c37e4 elementor-section-boxed elementor-section-height-default elementor-section-height-default\" data-id=\"d7c37e4\" data-element_type=\"section\" data-e-type=\"section\">\n\t\t\t\t\t\t<div class=\"elementor-container elementor-column-gap-default\">\n\t\t\t\t\t<div class=\"elementor-column elementor-col-100 elementor-top-column elementor-element elementor-element-ae4a453\" data-id=\"ae4a453\" data-element_type=\"column\" data-e-type=\"column\">\n\t\t\t<div class=\"elementor-widget-wrap elementor-element-populated\">\n\t\t\t\t\t\t<div class=\"elementor-element elementor-element-8db13fe wd-width-100 elementor-widget elementor-widget-wd_title\" data-id=\"8db13fe\" data-element_type=\"widget\" data-e-type=\"widget\" data-widget_type=\"wd_title.default\">\n\t\t\t\t<div class=\"elementor-widget-container\">\n\t\t\t\t\t\t\t<div class=\"title-wrapper wd-set-mb reset-last-child wd-title-color-primary wd-title-style-default wd-title-size-large text-center\">\n\n\t\t\t\n\t\t\t<div class=\"liner-continer\">\n\t\t\t\t<h5 class=\"woodmart-title-container title wd-fontsize-xxl\">Bildformate<\/h5> \n\t\t\t\t\t\t\t<\/div>\n\n\t\t\t\t\t<\/div>\n\t\t\t\t\t\t<\/div>\n\t\t\t\t<\/div>\n\t\t\t\t<div class=\"elementor-element elementor-element-d0e9b7e text-center color-scheme-inherit elementor-widget elementor-widget-text-editor\" data-id=\"d0e9b7e\" data-element_type=\"widget\" data-e-type=\"widget\" data-widget_type=\"text-editor.default\">\n\t\t\t\t<div class=\"elementor-widget-container\">\n\t\t\t\t\t\t\t\t\t<ul>\n<li><strong>JPEG:<\/strong> Ideal f\u00fcr Fotos und Bilder mit sanften Farbverl\u00e4ufen, die eine hervorragende Komprimierung ohne sichtbare Verluste bieten.<\/li>\n<li><strong>PNG:<\/strong> Am besten geeignet f\u00fcr Bilder mit scharfen Kanten, Text oder Transparenzen und bietet eine verlustfreie Komprimierung.<\/li>\n<li><strong>WebP: <\/strong>Ein modernes Format mit \u00fcberlegenen Komprimierungsm\u00f6glichkeiten, das kleinere Dateigr\u00f6\u00dfen bei besserer visueller Qualit\u00e4t erm\u00f6glicht.<\/li>\n<\/ul>\n\t\t\t\t\t\t\t\t<\/div>\n\t\t\t\t<\/div>\n\t\t\t\t\t<\/div>\n\t\t<\/div>\n\t\t\t\t\t<\/div>\n\t\t<\/section>\n\t\t\t\t<section class=\"wd-negative-gap elementor-section elementor-top-section elementor-element elementor-element-2c5fbfd elementor-section-boxed elementor-section-height-default elementor-section-height-default\" data-id=\"2c5fbfd\" data-element_type=\"section\" data-e-type=\"section\">\n\t\t\t\t\t\t<div class=\"elementor-container elementor-column-gap-default\">\n\t\t\t\t\t<div class=\"elementor-column elementor-col-100 elementor-top-column elementor-element elementor-element-ed7b8c7\" data-id=\"ed7b8c7\" data-element_type=\"column\" data-e-type=\"column\">\n\t\t\t<div class=\"elementor-widget-wrap elementor-element-populated\">\n\t\t\t\t\t\t<div class=\"elementor-element elementor-element-7003496 wd-width-100 elementor-widget elementor-widget-wd_title\" data-id=\"7003496\" data-element_type=\"widget\" data-e-type=\"widget\" data-widget_type=\"wd_title.default\">\n\t\t\t\t<div class=\"elementor-widget-container\">\n\t\t\t\t\t\t\t<div class=\"title-wrapper wd-set-mb reset-last-child wd-title-color-primary wd-title-style-default wd-title-size-large text-center\">\n\n\t\t\t\n\t\t\t<div class=\"liner-continer\">\n\t\t\t\t<h5 class=\"woodmart-title-container title wd-fontsize-xxl\">Optimierung der visuellen Aspekte Ihrer WordPress-Website <\/h5> \n\t\t\t\t\t\t\t<\/div>\n\n\t\t\t\t\t<\/div>\n\t\t\t\t\t\t<\/div>\n\t\t\t\t<\/div>\n\t\t\t\t<div class=\"elementor-element elementor-element-bf184a4 text-center color-scheme-inherit elementor-widget elementor-widget-text-editor\" data-id=\"bf184a4\" data-element_type=\"widget\" data-e-type=\"widget\" data-widget_type=\"text-editor.default\">\n\t\t\t\t<div class=\"elementor-widget-container\">\n\t\t\t\t\t\t\t\t\t<p>Setzen Sie auf eine hochwertige Bildbearbeitungssoftware wie Adobe Photoshop oder GIMP, um Ihre Bilder f\u00fcr WordPress zu optimieren.<\/p>\n<p>Wenn Sie diese Tipps befolgen, k\u00f6nnen Sie Ihre WordPress-Bilder optimieren, um die Leistung Ihrer Website zu verbessern, die Benutzerfreundlichkeit zu erh\u00f6hen und Ihr Suchmaschinen-Ranking zu verbessern. Steigern Sie Ihre digitale Pr\u00e4senz mit schnell ladenden, visuell beeindruckenden Bildern<\/p>\n\t\t\t\t\t\t\t\t<\/div>\n\t\t\t\t<\/div>\n\t\t\t\t\t<\/div>\n\t\t<\/div>\n\t\t\t\t\t<\/div>\n\t\t<\/section>\n\t\t<div class=\"wd-negative-gap elementor-element elementor-element-cdf907e elementor-hidden-desktop elementor-hidden-tablet elementor-hidden-mobile e-flex e-con-boxed e-con e-parent\" data-id=\"cdf907e\" data-element_type=\"container\" data-e-type=\"container\">\n\t\t\t\t\t<div class=\"e-con-inner\">\n\t\t\t\t<div class=\"elementor-element elementor-element-7970b05 elementor-widget elementor-widget-wd_infobox_carousel\" data-id=\"7970b05\" data-element_type=\"widget\" data-e-type=\"widget\" data-widget_type=\"wd_infobox_carousel.default\">\n\t\t\t\t<div class=\"elementor-widget-container\">\n\t\t\t\t\t\t\t<div class=\"wd-carousel-container info-box-carousel-wrapper\">\n\t\t\t<div class=\"wd-carousel-inner\">\n\t\t\t\t<div class=\"wd-carousel wd-grid info-box-carousel\" data-scroll_per_page=\"yes\" style=\"--wd-col-lg:3;--wd-col-md:3;--wd-col-sm:1;--wd-gap-lg:30px;--wd-gap-sm:10px;\">\n\t\t\t\t\t<div class=\"wd-carousel-wrap\">\n\t\t\t\t\t\t\t\t\t\t\t\t\t\t\t\t\t\t\t\t\t\t<div class=\"info-box-wrapper wd-carousel-item\">\n\t\t\t<div class=\"wd-info-box text-center box-icon-align-top box-style-base color-scheme-  elementor-repeater-item-ea7510b\">\n\t\t\t\t\t\t\t\t\t<div class=\"box-icon-wrapper  box-with-icon box-icon-simple\">\n\t\t\t\t\t\t<div class=\"info-box-icon\">\n\t\t\t\t\t\t\t\t\t\t\t\t\t\t\t<div class=\"info-svg-wrapper\" style=\"width:60px; height:60px;\"><img decoding=\"async\"  src=\"https:\/\/p-pgroup.com\/wp-content\/uploads\/2024\/06\/accessories-infobox-1.svg\" title=\"accessories-infobox-1.svg\" loading=\"lazy\" width=\"60\" height=\"60\"><\/div>\t\t\t\t\t\t\t\t\t\t\t\t\t<\/div>\n\t\t\t\t\t<\/div>\n\t\t\t\t\n\t\t\t\t<div class=\"info-box-content\">\n\t\t\t\t\t\n\t\t\t\t\t\t\t\t\t\t\t<h4\t\t\t\t\t\tclass=\"info-box-title title box-title-style-default wd-fontsize-m\" data-elementor-setting-key=\"title\">\n\t\t\t\t\t\t\t\tFast Delivery\t\t\t\t\t\t<\/h4>\n\t\t\t\t\t\n\t\t\t\t\t<div class=\"info-box-inner reset-last-child\"data-elementor-setting-key=\"content\"><p>Chances are there wasn\u2019t collaboration and checkpoints, there wasn\u2019t a process.<\/p>\n<\/div>\n\n\t\t\t\t\t\t\t\t\t<\/div>\n\n\t\t\t\t\t\t\t<\/div>\n\t\t<\/div>\n\t\t\t\t\t\t\t\t\t\t\t\t\t\t\t\t\t\t\t\t\t\t\t\t<div class=\"info-box-wrapper wd-carousel-item\">\n\t\t\t<div class=\"wd-info-box text-center box-icon-align-top box-style-base color-scheme-  elementor-repeater-item-3d12955\">\n\t\t\t\t\t\t\t\t\t<div class=\"box-icon-wrapper  box-with-icon box-icon-simple\">\n\t\t\t\t\t\t<div class=\"info-box-icon\">\n\t\t\t\t\t\t\t\t\t\t\t\t\t\t\t<div class=\"info-svg-wrapper\" style=\"width:60px; height:60px;\"><img decoding=\"async\"  src=\"https:\/\/p-pgroup.com\/wp-content\/uploads\/2024\/06\/accessories-infobox-2.svg\" title=\"accessories-infobox-2.svg\" loading=\"lazy\" width=\"60\" height=\"60\"><\/div>\t\t\t\t\t\t\t\t\t\t\t\t\t<\/div>\n\t\t\t\t\t<\/div>\n\t\t\t\t\n\t\t\t\t<div class=\"info-box-content\">\n\t\t\t\t\t\n\t\t\t\t\t\t\t\t\t\t\t<h4\t\t\t\t\t\tclass=\"info-box-title title box-title-style-default wd-fontsize-m\" data-elementor-setting-key=\"title\">\n\t\t\t\t\t\t\t\tBest Quality\t\t\t\t\t\t<\/h4>\n\t\t\t\t\t\n\t\t\t\t\t<div class=\"info-box-inner reset-last-child\"data-elementor-setting-key=\"content\"><p>It\u2019s content strategy gone awry right from the start. Forswearing the use of Lorem Ipsum.<\/p>\n<\/div>\n\n\t\t\t\t\t\t\t\t\t<\/div>\n\n\t\t\t\t\t\t\t<\/div>\n\t\t<\/div>\n\t\t\t\t\t\t\t\t\t\t\t\t\t\t\t\t\t\t\t\t\t\t\t\t<div class=\"info-box-wrapper wd-carousel-item\">\n\t\t\t<div class=\"wd-info-box text-center box-icon-align-top box-style-base color-scheme-  elementor-repeater-item-436686a\">\n\t\t\t\t\t\t\t\t\t<div class=\"box-icon-wrapper  box-with-icon box-icon-simple\">\n\t\t\t\t\t\t<div class=\"info-box-icon\">\n\t\t\t\t\t\t\t\t\t\t\t\t\t\t\t<div class=\"info-svg-wrapper\" style=\"width:60px; height:60px;\"><img decoding=\"async\"  src=\"https:\/\/p-pgroup.com\/wp-content\/uploads\/2024\/06\/accessories-infobox-3.svg\" title=\"accessories-infobox-3.svg\" loading=\"lazy\" width=\"60\" height=\"60\"><\/div>\t\t\t\t\t\t\t\t\t\t\t\t\t<\/div>\n\t\t\t\t\t<\/div>\n\t\t\t\t\n\t\t\t\t<div class=\"info-box-content\">\n\t\t\t\t\t\n\t\t\t\t\t\t\t\t\t\t\t<h4\t\t\t\t\t\tclass=\"info-box-title title box-title-style-default wd-fontsize-m\" data-elementor-setting-key=\"title\">\n\t\t\t\t\t\t\t\tFree Return\t\t\t\t\t\t<\/h4>\n\t\t\t\t\t\n\t\t\t\t\t<div class=\"info-box-inner reset-last-child\"data-elementor-setting-key=\"content\"><p>True enough, but that\u2019s not all that it takes to get things back on track out there for a text.<\/p>\n<\/div>\n\n\t\t\t\t\t\t\t\t\t<\/div>\n\n\t\t\t\t\t\t\t<\/div>\n\t\t<\/div>\n\t\t\t\t\t\t\t\t\t\t\t\t\t<\/div>\n\t\t\t\t<\/div>\n\n\t\t\t\t\t\t\t\t\t\t\t<div class=\"wd-nav-arrows wd-pos-sep wd-hover-1 wd-icon-1\">\n\t\t\t<div class=\"wd-btn-arrow wd-prev wd-disabled\">\n\t\t\t\t<div class=\"wd-arrow-inner\"><\/div>\n\t\t\t<\/div>\n\t\t\t<div class=\"wd-btn-arrow wd-next\">\n\t\t\t\t<div class=\"wd-arrow-inner\"><\/div>\n\t\t\t<\/div>\n\t\t<\/div>\n\t\t\t\t\t\t\t\t\t<\/div>\n\n\t\t\t\t\t\t\t\t<\/div>\n\t\t\t\t\t\t<\/div>\n\t\t\t\t<\/div>\n\t\t\t\t\t<\/div>\n\t\t\t\t<\/div>\n\t\t\t\t<\/div>\n\t\t","protected":false},"excerpt":{"rendered":"<p>Verbessern Sie Ihre WordPress-Website mit Erstaunliche Bilder Bilder sind das Herzblut einer attraktiven WordPress-Website. Bilder erz\u00e4hlen Geschichten, fesseln Besucher und<\/p>\n","protected":false},"author":4,"featured_media":3272,"parent":30075,"menu_order":0,"comment_status":"closed","ping_status":"closed","template":"","meta":{"footnotes":""},"class_list":["post-30107","page","type-page","status-publish","has-post-thumbnail","hentry"],"_links":{"self":[{"href":"https:\/\/p-pgroup.com\/de\/wp-json\/wp\/v2\/pages\/30107","targetHints":{"allow":["GET"]}}],"collection":[{"href":"https:\/\/p-pgroup.com\/de\/wp-json\/wp\/v2\/pages"}],"about":[{"href":"https:\/\/p-pgroup.com\/de\/wp-json\/wp\/v2\/types\/page"}],"author":[{"embeddable":true,"href":"https:\/\/p-pgroup.com\/de\/wp-json\/wp\/v2\/users\/4"}],"replies":[{"embeddable":true,"href":"https:\/\/p-pgroup.com\/de\/wp-json\/wp\/v2\/comments?post=30107"}],"version-history":[{"count":9,"href":"https:\/\/p-pgroup.com\/de\/wp-json\/wp\/v2\/pages\/30107\/revisions"}],"predecessor-version":[{"id":30117,"href":"https:\/\/p-pgroup.com\/de\/wp-json\/wp\/v2\/pages\/30107\/revisions\/30117"}],"up":[{"embeddable":true,"href":"https:\/\/p-pgroup.com\/de\/wp-json\/wp\/v2\/pages\/30075"}],"wp:featuredmedia":[{"embeddable":true,"href":"https:\/\/p-pgroup.com\/de\/wp-json\/wp\/v2\/media\/3272"}],"wp:attachment":[{"href":"https:\/\/p-pgroup.com\/de\/wp-json\/wp\/v2\/media?parent=30107"}],"curies":[{"name":"wp","href":"https:\/\/api.w.org\/{rel}","templated":true}]}}